{"id":98,"date":"2021-01-07T13:37:35","date_gmt":"2021-01-07T13:37:35","guid":{"rendered":"https:\/\/naturglamping.com\/om-oss\/"},"modified":"2021-01-22T13:34:16","modified_gmt":"2021-01-22T13:34:16","slug":"about-us","status":"publish","type":"page","link":"https:\/\/naturglamping.com\/en\/about-us\/","title":{"rendered":"About us"},"content":{"rendered":"<p>[vc_row full_width=&#8221;stretch_row_content_no_spaces&#8221; css=&#8221;.vc_custom_1610022941580{padding-top: 50px !important;padding-bottom: 50px !important;background-color: #fff9ef !important;}&#8221;][vc_column][vc_column_text]<\/p>\n<h1 style=\"text-align: center;\">ABOUT US<\/h1>\n<p>[\/vc_column_text][\/vc_column][\/vc_row][vc_row][vc_column width=&#8221;1\/2&#8243;][vc_empty_space height=&#8221;50px&#8221;][vc_column_text]<\/p>\n<div class=\"wpb_text_column wpb_content_element \">\n<div class=\"wpb_wrapper\">\n<p><span class=\"VIiyi\" lang=\"en\"><span class=\"JLqJ4b ChMk0b\" data-language-for-alternatives=\"en\" data-language-to-translate-into=\"sv\" data-phrase-index=\"0\">Welcome to us and our glamping between Linder\u00f6ds\u00e5sen and N\u00e4vlinge\u00e5sen.<\/span><\/span><\/p>\n<p><span class=\"JLqJ4b ChMk0b\" data-language-for-alternatives=\"en\" data-language-to-translate-into=\"sv\" data-phrase-index=\"2\">Here you are close to nature and control yourself in our nice tents.<\/span> <span class=\"JLqJ4b ChMk0b\" data-language-for-alternatives=\"en\" data-language-to-translate-into=\"sv\" data-phrase-index=\"4\">Many nice hikes and only 6 km from Bosarpssj\u00f6n.<\/span> <span class=\"JLqJ4b ChMk0b\" data-language-for-alternatives=\"en\" data-language-to-translate-into=\"sv\" data-phrase-index=\"5\">The country store is only 4 km away.<\/span><br \/>\n<span class=\"JLqJ4b ChMk0b\" data-language-for-alternatives=\"en\" data-language-to-translate-into=\"sv\" data-phrase-index=\"7\"><br \/>\nBicycles are available for rent.<\/span><\/div>\n<\/div>\n<p>[\/vc_column_text][\/vc_column][vc_column width=&#8221;1\/2&#8243;][vc_gallery type=&#8221;nivo&#8221; interval=&#8221;3&#8243; images=&#8221;63,89&#8243; img_size=&#8221;full&#8221;][\/vc_column][\/vc_row]<\/p>\n","protected":false},"excerpt":{"rendered":"<p>[vc_row full_width=&#8221;stretch_row_content_no_spaces&#8221; css=&#8221;.vc_custom_1610022941580{padding-top: 50px !important;padding-bottom: 50px !important;background-color: #fff9ef !important;}&#8221;][vc_column][vc_column_text] ABOUT US [\/vc_column_text][\/vc_column][\/vc_row][vc_row][vc_column width=&#8221;1\/2&#8243;][vc_empty_space height=&#8221;50px&#8221;][vc_column_text] Welcome to us and our glamping between Linder\u00f6ds\u00e5sen and N\u00e4vlinge\u00e5sen. Here you are close to nature and control yourself in our nice tents. Many nice hikes and only 6 km from Bosarpssj\u00f6n. The country store is only 4 km away. Bicycles [&#8230;]<\/p>\n<p><a class=\"btn btn-secondary understrap-read-more-link\" href=\"https:\/\/naturglamping.com\/en\/about-us\/\">Read More&#8230;<\/a><\/p>\n","protected":false},"author":1,"featured_media":0,"parent":0,"menu_order":0,"comment_status":"closed","ping_status":"closed","template":"","meta":{"_acf_changed":false,"footnotes":""},"class_list":["post-98","page","type-page","status-publish","hentry"],"acf":[],"_links":{"self":[{"href":"https:\/\/naturglamping.com\/en\/wp-json\/wp\/v2\/pages\/98","targetHints":{"allow":["GET"]}}],"collection":[{"href":"https:\/\/naturglamping.com\/en\/wp-json\/wp\/v2\/pages"}],"about":[{"href":"https:\/\/naturglamping.com\/en\/wp-json\/wp\/v2\/types\/page"}],"author":[{"embeddable":true,"href":"https:\/\/naturglamping.com\/en\/wp-json\/wp\/v2\/users\/1"}],"replies":[{"embeddable":true,"href":"https:\/\/naturglamping.com\/en\/wp-json\/wp\/v2\/comments?post=98"}],"version-history":[{"count":3,"href":"https:\/\/naturglamping.com\/en\/wp-json\/wp\/v2\/pages\/98\/revisions"}],"predecessor-version":[{"id":114,"href":"https:\/\/naturglamping.com\/en\/wp-json\/wp\/v2\/pages\/98\/revisions\/114"}],"wp:attachment":[{"href":"https:\/\/naturglamping.com\/en\/wp-json\/wp\/v2\/media?parent=98"}],"curies":[{"name":"wp","href":"https:\/\/api.w.org\/{rel}","templated":true}]}}